{"id":33,"date":"2025-10-05T11:04:58","date_gmt":"2025-10-05T11:04:58","guid":{"rendered":"https:\/\/www.equinox-engn.com\/?page_id=33"},"modified":"2025-10-24T18:30:27","modified_gmt":"2025-10-24T18:30:27","slug":"where-to-find-us","status":"publish","type":"page","link":"https:\/\/www.equinox-engn.com\/fr\/where-to-find-us\/","title":{"rendered":"O\u00f9 nous trouver ?"},"content":{"rendered":"<div data-elementor-type=\"wp-page\" data-elementor-id=\"33\" class=\"elementor elementor-33\" data-elementor-post-type=\"page\">\n\t\t\t\t<div class=\"elementor-element elementor-element-f9b0729 e-flex e-con-boxed e-con e-parent\" data-id=\"f9b0729\" data-element_type=\"container\">\n\t\t\t\t\t<div class=\"e-con-inner\">\n\t\t\t\t<div class=\"elementor-element elementor-element-6fc920f elementor-widget elementor-widget-text-editor\" data-id=\"6fc920f\" data-element_type=\"widget\" data-widget_type=\"text-editor.default\">\n\t\t\t\t\t\t\t\t\t<h2><strong data-start=\"2837\" data-end=\"2857\">O\u00f9 nous op\u00e9rons<\/strong><\/h2><p data-start=\"2858\" data-end=\"3165\">Nos bureaux et nos partenaires sont bas\u00e9s \u00e0 <strong data-start=\"2896\" data-end=\"2905\">Italie<\/strong>Les activit\u00e9s s'\u00e9tendent sur l'ensemble du territoire de l'Union europ\u00e9enne. <strong data-start=\"2940\" data-end=\"2977\">Afrique, Moyen-Orient et Asie<\/strong>.<br data-start=\"2978\" data-end=\"2981\" \/>Nous servons un portefeuille diversifi\u00e9 de clients - de <strong data-start=\"3028\" data-end=\"3064\">les producteurs de jus et les usines laiti\u00e8res<\/strong> \u00e0 <strong data-start=\"3068\" data-end=\"3104\">industries chimiques et d'embouteillage<\/strong> - fournir des solutions personnalis\u00e9es adapt\u00e9es aux r\u00e9alit\u00e9s locales.<\/p>\t\t\t\t\t\t\t\t<\/div>\n\t\t\t\t<div class=\"elementor-element elementor-element-108ad3c elementor-widget elementor-widget-google_maps\" data-id=\"108ad3c\" data-element_type=\"widget\" data-widget_type=\"google_maps.default\">\n\t\t\t\t\t\t\t<div class=\"elementor-custom-embed\">\n\t\t\t<iframe loading=\"lazy\"\n\t\t\t\t\tsrc=\"https:\/\/maps.google.com\/maps?q=Via%20Rigopiano%20-%20Pescara%20%28PE-Italy%29%20&#038;t=m&#038;z=13&#038;output=embed&#038;iwloc=near\"\n\t\t\t\t\ttitle=\"Via Rigopiano - Pescara (PE-Italie) \"\n\t\t\t\t\taria-label=\"Via Rigopiano - Pescara (PE-Italie) \"\n\t\t\t><\/iframe>\n\t\t<\/div>\n\t\t\t\t\t\t<\/div>\n\t\t\t\t<div class=\"elementor-element elementor-element-4a04c64 elementor-align-center elementor-widget elementor-widget-button\" data-id=\"4a04c64\" data-element_type=\"widget\" data-widget_type=\"button.default\">\n\t\t\t\t\t\t\t\t\t\t<a class=\"elementor-button elementor-button-link elementor-size-sm\" href=\"\/fr\/contact\/\">\n\t\t\t\t\t\t<span class=\"elementor-button-content-wrapper\">\n\t\t\t\t\t\t\t\t\t<span class=\"elementor-button-text\">Contactez nous<\/span>\n\t\t\t\t\t<\/span>\n\t\t\t\t\t<\/a>\n\t\t\t\t\t\t\t\t<\/div>\n\t\t\t\t\t<\/div>\n\t\t\t\t<\/div>\n\t\t\t\t<\/div>","protected":false},"excerpt":{"rendered":"<p>Where We Operate Our offices and partners are based in Italy, with operations extending across Africa, the Middle East, and Asia.We serve a diverse portfolio of clients \u2014 from juice producers and dairy plants to chemical and bottling industries \u2014 providing customized solutions adapted to local realities. Contact us<\/p>","protected":false},"author":1,"featured_media":0,"parent":0,"menu_order":0,"comment_status":"closed","ping_status":"closed","template":"","meta":{"_seopress_robots_primary_cat":"","_seopress_titles_title":"","_seopress_titles_desc":"","_seopress_robots_index":"","footnotes":""},"class_list":["post-33","page","type-page","status-publish","hentry"],"_links":{"self":[{"href":"https:\/\/www.equinox-engn.com\/fr\/wp-json\/wp\/v2\/pages\/33","targetHints":{"allow":["GET"]}}],"collection":[{"href":"https:\/\/www.equinox-engn.com\/fr\/wp-json\/wp\/v2\/pages"}],"about":[{"href":"https:\/\/www.equinox-engn.com\/fr\/wp-json\/wp\/v2\/types\/page"}],"author":[{"embeddable":true,"href":"https:\/\/www.equinox-engn.com\/fr\/wp-json\/wp\/v2\/users\/1"}],"replies":[{"embeddable":true,"href":"https:\/\/www.equinox-engn.com\/fr\/wp-json\/wp\/v2\/comments?post=33"}],"version-history":[{"count":10,"href":"https:\/\/www.equinox-engn.com\/fr\/wp-json\/wp\/v2\/pages\/33\/revisions"}],"predecessor-version":[{"id":204,"href":"https:\/\/www.equinox-engn.com\/fr\/wp-json\/wp\/v2\/pages\/33\/revisions\/204"}],"wp:attachment":[{"href":"https:\/\/www.equinox-engn.com\/fr\/wp-json\/wp\/v2\/media?parent=33"}],"curies":[{"name":"wp","href":"https:\/\/api.w.org\/{rel}","templated":true}]}}