{"id":30,"date":"2025-10-05T11:04:58","date_gmt":"2025-10-05T11:04:58","guid":{"rendered":"https:\/\/www.equinox-engn.com\/?page_id=30"},"modified":"2025-10-24T17:58:19","modified_gmt":"2025-10-24T17:58:19","slug":"who-are-we","status":"publish","type":"page","link":"https:\/\/www.equinox-engn.com\/fr\/who-are-we\/","title":{"rendered":"Qui sommes-nous ?"},"content":{"rendered":"<div data-elementor-type=\"wp-page\" data-elementor-id=\"30\" class=\"elementor elementor-30\" data-elementor-post-type=\"page\">\n\t\t\t\t<div class=\"elementor-element elementor-element-619d128 e-flex e-con-boxed e-con e-parent\" data-id=\"619d128\" data-element_type=\"container\">\n\t\t\t\t\t<div class=\"e-con-inner\">\n\t\t\t\t<div class=\"elementor-element elementor-element-1304594 elementor-widget elementor-widget-text-editor\" data-id=\"1304594\" data-element_type=\"widget\" data-widget_type=\"text-editor.default\">\n\t\t\t\t\t\t\t\t\t<h3 data-start=\"301\" data-end=\"353\"><strong data-start=\"305\" data-end=\"353\">Un pont entre l'Europe et les march\u00e9s \u00e9mergents<\/strong><\/h3><p data-start=\"354\" data-end=\"692\">Equinox est une entreprise italienne sp\u00e9cialis\u00e9e dans la <strong data-start=\"403\" data-end=\"472\">la recherche, la fourniture et le transport d'\u00e9quipements industriels d'occasion<\/strong> pour les industries de l'alimentation, des boissons et de la chimie.<br data-start=\"521\" data-end=\"524\" \/>Nous op\u00e9rons en tant que <strong data-start=\"540\" data-end=\"596\">pont strat\u00e9gique entre l'Europe et les march\u00e9s \u00e9mergents<\/strong>En tant qu'entreprise, nous offrons \u00e0 nos clients l'acc\u00e8s \u00e0 des machines et \u00e0 des solutions de traitement de haute qualit\u00e9 et \u00e0 des prix abordables.<\/p><p data-start=\"694\" data-end=\"956\">Nous travaillons directement avec des fabricants europ\u00e9ens et des partenaires de confiance afin de garantir que chaque \u00e9quipement - qu'il s'agisse d'un monobloc de remplissage, d'un r\u00e9servoir en acier inoxydable ou d'une ligne d'\u00e9tiquetage - soit <strong data-start=\"871\" data-end=\"931\">enti\u00e8rement fonctionnel, certifi\u00e9 et pr\u00eat \u00e0 \u00eatre utilis\u00e9 imm\u00e9diatement<\/strong> dans votre cha\u00eene de production.<\/p>\t\t\t\t\t\t\t\t<\/div>\n\t\t\t\t\t<\/div>\n\t\t\t\t<\/div>\n\t\t<div class=\"elementor-element elementor-element-1743675 e-flex e-con-boxed e-con e-parent\" data-id=\"1743675\" data-element_type=\"container\">\n\t\t\t\t\t<div class=\"e-con-inner\">\n\t\t<div class=\"elementor-element elementor-element-b428825 e-con-full e-flex e-con e-child\" data-id=\"b428825\" data-element_type=\"container\">\n\t\t\t\t<div class=\"elementor-element elementor-element-37ba90d elementor-widget elementor-widget-image\" data-id=\"37ba90d\" data-element_type=\"widget\" data-widget_type=\"image.default\">\n\t\t\t\t\t\t\t\t\t\t\t\t\t\t\t<img alt=\"\" fetchpriority=\"high\" decoding=\"async\" width=\"800\" height=\"724\" src=\"https:\/\/www.equinox-engn.com\/wp-content\/uploads\/2025\/10\/WhatsApp-Image-2025-10-22-at-10.06.44-e1761327683770-1024x927.jpeg\" class=\"attachment-large size-large wp-image-171\" srcset=\"https:\/\/www.equinox-engn.com\/wp-content\/uploads\/2025\/10\/WhatsApp-Image-2025-10-22-at-10.06.44-e1761327683770-1024x927.jpeg 1024w, https:\/\/www.equinox-engn.com\/wp-content\/uploads\/2025\/10\/WhatsApp-Image-2025-10-22-at-10.06.44-e1761327683770-300x271.jpeg 300w, https:\/\/www.equinox-engn.com\/wp-content\/uploads\/2025\/10\/WhatsApp-Image-2025-10-22-at-10.06.44-e1761327683770-768x695.jpeg 768w, https:\/\/www.equinox-engn.com\/wp-content\/uploads\/2025\/10\/WhatsApp-Image-2025-10-22-at-10.06.44-e1761327683770-13x12.jpeg 13w, https:\/\/www.equinox-engn.com\/wp-content\/uploads\/2025\/10\/WhatsApp-Image-2025-10-22-at-10.06.44-e1761327683770.jpeg 1536w\" sizes=\"(max-width: 800px) 100vw, 800px\" \/>\t\t\t\t\t\t\t\t\t\t\t\t\t\t\t<\/div>\n\t\t\t\t<\/div>\n\t\t<div class=\"elementor-element elementor-element-61814b8 e-con-full e-flex e-con e-child\" data-id=\"61814b8\" data-element_type=\"container\">\n\t\t\t\t<div class=\"elementor-element elementor-element-2249a8b elementor-widget elementor-widget-text-editor\" data-id=\"2249a8b\" data-element_type=\"widget\" data-widget_type=\"text-editor.default\">\n\t\t\t\t\t\t\t\t\t<h3 data-start=\"963\" data-end=\"982\"><strong data-start=\"967\" data-end=\"982\">Notre mission<\/strong><\/h3><p data-start=\"983\" data-end=\"1161\">Rendre la technologie europ\u00e9enne accessible aux producteurs du monde entier <strong data-start=\"1042\" data-end=\"1079\">Afrique, Moyen-Orient et Asie<\/strong>aider les industries locales \u00e0 se d\u00e9velopper gr\u00e2ce \u00e0 <strong data-start=\"1119\" data-end=\"1160\">un \u00e9quipement rentable et fiable<\/strong>.<\/p><p data-start=\"1163\" data-end=\"1444\">Nous pensons que chaque usine, quelle que soit sa taille ou sa localisation, m\u00e9rite d'avoir acc\u00e8s \u00e0 des solutions industrielles modernes, efficaces et durables.<br data-start=\"1305\" data-end=\"1308\" \/>Notre r\u00f4le est de <strong data-start=\"1323\" data-end=\"1347\">simplifier le processus<\/strong>-De l'approvisionnement \u00e0 l'inspection, en passant par le transport et la mise en service, vous pouvez vous concentrer sur votre production.<\/p>\t\t\t\t\t\t\t\t<\/div>\n\t\t\t\t<\/div>\n\t\t\t\t\t<\/div>\n\t\t\t\t<\/div>\n\t\t<div class=\"elementor-element elementor-element-f20966b e-flex e-con-boxed e-con e-parent\" data-id=\"f20966b\" data-element_type=\"container\">\n\t\t\t\t\t<div class=\"e-con-inner\">\n\t\t<div class=\"elementor-element elementor-element-73b10f1 e-con-full e-flex e-con e-child\" data-id=\"73b10f1\" data-element_type=\"container\">\n\t\t\t\t<div class=\"elementor-element elementor-element-25a88ab elementor-widget elementor-widget-text-editor\" data-id=\"25a88ab\" data-element_type=\"widget\" data-widget_type=\"text-editor.default\">\n\t\t\t\t\t\t\t\t\t<h3 data-start=\"1451\" data-end=\"1478\"><strong data-start=\"1455\" data-end=\"1478\">Nos activit\u00e9s principales<\/strong><\/h3><ol data-start=\"1479\" data-end=\"2316\"><li data-start=\"1479\" data-end=\"1689\"><p data-start=\"1482\" data-end=\"1689\"><strong data-start=\"1482\" data-end=\"1521\">\u00c9quipement d'embouteillage et d'emballage d'occasion<\/strong><br data-start=\"1521\" data-end=\"1524\" \/>Nous fournissons des lignes d'embouteillage compl\u00e8tes pour les aliments liquides : rinceuses, remplisseuses, capsuleuses, \u00e9tiqueteuses et \u00e9tuyeuses - d'occasion mais enti\u00e8rement op\u00e9rationnelles et certifi\u00e9es.<\/p><\/li><li data-start=\"1691\" data-end=\"1916\"><p data-start=\"1694\" data-end=\"1916\"><strong data-start=\"1694\" data-end=\"1719\">R\u00e9servoirs en acier inoxydable<\/strong><br data-start=\"1719\" data-end=\"1722\" \/>Du stockage \u00e0 la fermentation, notre gamme comprend des cuves d'occasion en acier inoxydable pour le secteur de l'agriculture. <strong data-start=\"1816\" data-end=\"1856\">les secteurs de l'alimentation, de la chimie et des boissons<\/strong>avec ou sans isolation, syst\u00e8mes de refroidissement ou agitateurs.<\/p><\/li><li data-start=\"1918\" data-end=\"2133\"><p data-start=\"1921\" data-end=\"2133\"><strong data-start=\"1921\" data-end=\"1949\">\u00c9tude du march\u00e9 europ\u00e9en<\/strong><br data-start=\"1949\" data-end=\"1952\" \/>Nous identifions les machines et les technologies en Europe qui correspondent aux besoins de votre projet et nous n\u00e9gocions. <strong data-start=\"2048\" data-end=\"2085\">de meilleurs prix et une livraison plus rapide<\/strong> gr\u00e2ce \u00e0 notre r\u00e9seau de fournisseurs.<\/p><\/li><li data-start=\"2135\" data-end=\"2316\"><p data-start=\"2138\" data-end=\"2316\"><strong data-start=\"2138\" data-end=\"2176\">Services de logistique et de mise en service<\/strong><br data-start=\"2176\" data-end=\"2179\" \/>Nous g\u00e9rons <strong data-start=\"2192\" data-end=\"2237\">transport, douane et assistance technique<\/strong> pour garantir que votre \u00e9quipement arrive en toute s\u00e9curit\u00e9 et fonctionne efficacement sur votre site.<\/p><\/li><\/ol>\t\t\t\t\t\t\t\t<\/div>\n\t\t\t\t<\/div>\n\t\t<div class=\"elementor-element elementor-element-08165cf e-con-full e-flex e-con e-child\" data-id=\"08165cf\" data-element_type=\"container\">\n\t\t\t\t<div class=\"elementor-element elementor-element-fd92599 elementor-widget elementor-widget-image\" data-id=\"fd92599\" data-element_type=\"widget\" data-widget_type=\"image.default\">\n\t\t\t\t\t\t\t\t\t\t\t\t\t\t\t<img alt=\"\" decoding=\"async\" width=\"800\" height=\"633\" src=\"https:\/\/www.equinox-engn.com\/wp-content\/uploads\/2025\/10\/c277a54e-faf4-4b8a-9f39-bad79edef918.jpg\" class=\"attachment-large size-large wp-image-144\" srcset=\"https:\/\/www.equinox-engn.com\/wp-content\/uploads\/2025\/10\/c277a54e-faf4-4b8a-9f39-bad79edef918.jpg 893w, https:\/\/www.equinox-engn.com\/wp-content\/uploads\/2025\/10\/c277a54e-faf4-4b8a-9f39-bad79edef918-300x238.jpg 300w, https:\/\/www.equinox-engn.com\/wp-content\/uploads\/2025\/10\/c277a54e-faf4-4b8a-9f39-bad79edef918-768x608.jpg 768w, https:\/\/www.equinox-engn.com\/wp-content\/uploads\/2025\/10\/c277a54e-faf4-4b8a-9f39-bad79edef918-15x12.jpg 15w\" sizes=\"(max-width: 800px) 100vw, 800px\" \/>\t\t\t\t\t\t\t\t\t\t\t\t\t\t\t<\/div>\n\t\t\t\t<\/div>\n\t\t\t\t\t<\/div>\n\t\t\t\t<\/div>\n\t\t<div class=\"elementor-element elementor-element-c626588 e-flex e-con-boxed e-con e-parent\" data-id=\"c626588\" data-element_type=\"container\">\n\t\t\t\t\t<div class=\"e-con-inner\">\n\t\t<div class=\"elementor-element elementor-element-242ccc2 e-con-full e-flex e-con e-child\" data-id=\"242ccc2\" data-element_type=\"container\">\n\t\t\t\t<div class=\"elementor-element elementor-element-2163ce8 elementor-widget elementor-widget-image\" data-id=\"2163ce8\" data-element_type=\"widget\" data-widget_type=\"image.default\">\n\t\t\t\t\t\t\t\t\t\t\t\t\t\t\t<img alt=\"\" decoding=\"async\" width=\"653\" height=\"950\" src=\"https:\/\/www.equinox-engn.com\/wp-content\/uploads\/2025\/10\/f74e483a-9a5e-427c-9b1e-6f1eb9cdc5b9.jpg\" class=\"attachment-large size-large wp-image-156\" srcset=\"https:\/\/www.equinox-engn.com\/wp-content\/uploads\/2025\/10\/f74e483a-9a5e-427c-9b1e-6f1eb9cdc5b9.jpg 653w, https:\/\/www.equinox-engn.com\/wp-content\/uploads\/2025\/10\/f74e483a-9a5e-427c-9b1e-6f1eb9cdc5b9-206x300.jpg 206w, https:\/\/www.equinox-engn.com\/wp-content\/uploads\/2025\/10\/f74e483a-9a5e-427c-9b1e-6f1eb9cdc5b9-8x12.jpg 8w\" sizes=\"(max-width: 653px) 100vw, 653px\" \/>\t\t\t\t\t\t\t\t\t\t\t\t\t\t\t<\/div>\n\t\t\t\t<\/div>\n\t\t<div class=\"elementor-element elementor-element-40e1434 e-con-full e-flex e-con e-child\" data-id=\"40e1434\" data-element_type=\"container\">\n\t\t\t\t<div class=\"elementor-element elementor-element-12b344e elementor-widget elementor-widget-text-editor\" data-id=\"12b344e\" data-element_type=\"widget\" data-widget_type=\"text-editor.default\">\n\t\t\t\t\t\t\t\t\t<h3 data-start=\"2323\" data-end=\"2346\"><strong data-start=\"2327\" data-end=\"2346\">Notre valeur ajout\u00e9e<\/strong><\/h3><ul data-start=\"2347\" data-end=\"2826\"><li data-start=\"2347\" data-end=\"2465\"><p data-start=\"2349\" data-end=\"2465\"><strong data-start=\"2349\" data-end=\"2387\">Plus de 30 ans d'exp\u00e9rience industrielle<\/strong><br data-start=\"2387\" data-end=\"2390\" \/>Une connaissance approfondie des processus de production et des performances des \u00e9quipements.<\/p><\/li><li data-start=\"2466\" data-end=\"2592\"><p data-start=\"2468\" data-end=\"2592\"><strong data-start=\"2468\" data-end=\"2496\">R\u00e9seau europ\u00e9en de confiance<\/strong><br data-start=\"2496\" data-end=\"2499\" \/>Partenariats avec les principaux fabricants et r\u00e9novateurs en Italie, en Allemagne et en France.<\/p><\/li><li data-start=\"2593\" data-end=\"2716\"><p data-start=\"2595\" data-end=\"2716\"><strong data-start=\"2595\" data-end=\"2619\">Sourcing sur mesure<\/strong><br data-start=\"2619\" data-end=\"2622\" \/>Nous recherchons des machines qui correspondent parfaitement \u00e0 votre capacit\u00e9, \u00e0 votre budget et \u00e0 vos exigences en mati\u00e8re de processus.<\/p><\/li><li data-start=\"2717\" data-end=\"2826\"><p data-start=\"2719\" data-end=\"2826\"><strong data-start=\"2719\" data-end=\"2741\">Soutien de bout en bout<\/strong><br data-start=\"2741\" data-end=\"2744\" \/>De l'inspection et des essais \u00e0 l'exp\u00e9dition, l'installation et l'assistance apr\u00e8s-vente.<\/p><\/li><\/ul>\t\t\t\t\t\t\t\t<\/div>\n\t\t\t\t<\/div>\n\t\t\t\t\t<\/div>\n\t\t\t\t<\/div>\n\t\t\t\t<\/div>","protected":false},"excerpt":{"rendered":"<p>A Bridge Between Europe and Emerging Markets Equinox is an Italian company specialized in the research, supply, and transport of pre-owned industrial equipment for the food, beverage, and chemical industries.We operate as a strategic bridge between Europe and emerging markets, providing our clients with access to high-quality, affordable machinery and process solutions. We work directly [&hellip;]<\/p>","protected":false},"author":1,"featured_media":0,"parent":0,"menu_order":0,"comment_status":"closed","ping_status":"closed","template":"","meta":{"_seopress_robots_primary_cat":"","_seopress_titles_title":"","_seopress_titles_desc":"","_seopress_robots_index":"","footnotes":""},"class_list":["post-30","page","type-page","status-publish","hentry"],"_links":{"self":[{"href":"https:\/\/www.equinox-engn.com\/fr\/wp-json\/wp\/v2\/pages\/30","targetHints":{"allow":["GET"]}}],"collection":[{"href":"https:\/\/www.equinox-engn.com\/fr\/wp-json\/wp\/v2\/pages"}],"about":[{"href":"https:\/\/www.equinox-engn.com\/fr\/wp-json\/wp\/v2\/types\/page"}],"author":[{"embeddable":true,"href":"https:\/\/www.equinox-engn.com\/fr\/wp-json\/wp\/v2\/users\/1"}],"replies":[{"embeddable":true,"href":"https:\/\/www.equinox-engn.com\/fr\/wp-json\/wp\/v2\/comments?post=30"}],"version-history":[{"count":19,"href":"https:\/\/www.equinox-engn.com\/fr\/wp-json\/wp\/v2\/pages\/30\/revisions"}],"predecessor-version":[{"id":184,"href":"https:\/\/www.equinox-engn.com\/fr\/wp-json\/wp\/v2\/pages\/30\/revisions\/184"}],"wp:attachment":[{"href":"https:\/\/www.equinox-engn.com\/fr\/wp-json\/wp\/v2\/media?parent=30"}],"curies":[{"name":"wp","href":"https:\/\/api.w.org\/{rel}","templated":true}]}}