{"id":32,"date":"2025-10-05T11:04:58","date_gmt":"2025-10-05T11:04:58","guid":{"rendered":"https:\/\/www.equinox-engn.com\/?page_id=32"},"modified":"2025-10-24T18:20:41","modified_gmt":"2025-10-24T18:20:41","slug":"quality","status":"publish","type":"page","link":"https:\/\/www.equinox-engn.com\/es\/quality\/","title":{"rendered":"Calidad"},"content":{"rendered":"<div data-elementor-type=\"wp-page\" data-elementor-id=\"32\" class=\"elementor elementor-32\" data-elementor-post-type=\"page\">\n\t\t\t\t<div class=\"elementor-element elementor-element-7199f96 e-flex e-con-boxed e-con e-parent\" data-id=\"7199f96\" data-element_type=\"container\">\n\t\t\t\t\t<div class=\"e-con-inner\">\n\t\t\t\t<div class=\"elementor-element elementor-element-fea7766 elementor-widget elementor-widget-text-editor\" data-id=\"fea7766\" data-element_type=\"widget\" data-widget_type=\"text-editor.default\">\n\t\t\t\t\t\t\t\t\t<h3 data-start=\"288\" data-end=\"324\"><strong data-start=\"292\" data-end=\"324\">Nuestro compromiso con la excelencia<\/strong><\/h3><p data-start=\"325\" data-end=\"587\">En Equinox, <strong data-start=\"337\" data-end=\"383\">la calidad no es una opci\u00f3n, es una norma<\/strong>.<br data-start=\"384\" data-end=\"387\" \/>Cada m\u00e1quina, dep\u00f3sito o l\u00ednea de producci\u00f3n que entregamos se somete a un <strong data-start=\"450\" data-end=\"512\">riguroso proceso de inspecci\u00f3n, ensayo y certificaci\u00f3n<\/strong> para garantizar que funcione exactamente como se espera una vez instalado en sus instalaciones.<\/p><p data-start=\"589\" data-end=\"758\">Entendemos que, en la producci\u00f3n industrial, la fiabilidad lo es todo. Por eso nuestro equipo aplica estrictas normas europeas en todas las etapas, desde el abastecimiento hasta el env\u00edo.<\/p>\t\t\t\t\t\t\t\t<\/div>\n\t\t\t\t<div class=\"elementor-element elementor-element-583c435 elementor-widget elementor-widget-video\" data-id=\"583c435\" data-element_type=\"widget\" data-settings=\"{&quot;video_type&quot;:&quot;hosted&quot;,&quot;mute&quot;:&quot;yes&quot;,&quot;controls&quot;:&quot;yes&quot;}\" data-widget_type=\"video.default\">\n\t\t\t\t\t\t\t<div class=\"e-hosted-video elementor-wrapper elementor-open-inline\">\n\t\t\t\t\t<video class=\"elementor-video\" src=\"https:\/\/www.equinox-engn.com\/wp-content\/uploads\/2025\/10\/WhatsApp-Video-2025-10-21-at-09.50.40.mp4\" controls=\"\" preload=\"none\" muted=\"muted\" controlslist=\"nodownload\" poster=\"https:\/\/www.equinox-engn.com\/wp-content\/uploads\/2025\/10\/Nouveau-projet-2.png\"><\/video>\n\t\t\t\t<\/div>\n\t\t\t\t\t\t<\/div>\n\t\t\t\t\t<\/div>\n\t\t\t\t<\/div>\n\t\t<div class=\"elementor-element elementor-element-a8a655a e-flex e-con-boxed e-con e-parent\" data-id=\"a8a655a\" data-element_type=\"container\">\n\t\t\t\t\t<div class=\"e-con-inner\">\n\t\t<div class=\"elementor-element elementor-element-1cd7696 e-con-full e-flex e-con e-child\" data-id=\"1cd7696\" data-element_type=\"container\">\n\t\t\t\t<div class=\"elementor-element elementor-element-61d56fa elementor-widget elementor-widget-image\" data-id=\"61d56fa\" data-element_type=\"widget\" data-widget_type=\"image.default\">\n\t\t\t\t\t\t\t\t\t\t\t\t\t\t\t<img alt=\"\" fetchpriority=\"high\" decoding=\"async\" width=\"800\" height=\"600\" src=\"https:\/\/www.equinox-engn.com\/wp-content\/uploads\/2025\/10\/27be0ca5-14b1-4b1d-b240-1867f45056ed-1024x768.png\" class=\"attachment-large size-large wp-image-195\" srcset=\"https:\/\/www.equinox-engn.com\/wp-content\/uploads\/2025\/10\/27be0ca5-14b1-4b1d-b240-1867f45056ed-1024x768.png 1024w, https:\/\/www.equinox-engn.com\/wp-content\/uploads\/2025\/10\/27be0ca5-14b1-4b1d-b240-1867f45056ed-300x225.png 300w, https:\/\/www.equinox-engn.com\/wp-content\/uploads\/2025\/10\/27be0ca5-14b1-4b1d-b240-1867f45056ed-768x576.png 768w, https:\/\/www.equinox-engn.com\/wp-content\/uploads\/2025\/10\/27be0ca5-14b1-4b1d-b240-1867f45056ed-1536x1152.png 1536w, https:\/\/www.equinox-engn.com\/wp-content\/uploads\/2025\/10\/27be0ca5-14b1-4b1d-b240-1867f45056ed-16x12.png 16w, https:\/\/www.equinox-engn.com\/wp-content\/uploads\/2025\/10\/27be0ca5-14b1-4b1d-b240-1867f45056ed.png 1600w\" sizes=\"(max-width: 800px) 100vw, 800px\" \/>\t\t\t\t\t\t\t\t\t\t\t\t\t\t\t<\/div>\n\t\t\t\t<\/div>\n\t\t<div class=\"elementor-element elementor-element-b576b79 e-con-full e-flex e-con e-child\" data-id=\"b576b79\" data-element_type=\"container\">\n\t\t\t\t<div class=\"elementor-element elementor-element-2431f3e elementor-widget elementor-widget-text-editor\" data-id=\"2431f3e\" data-element_type=\"widget\" data-widget_type=\"text-editor.default\">\n\t\t\t\t\t\t\t\t\t<h3 data-start=\"765\" data-end=\"802\"><strong data-start=\"769\" data-end=\"802\">Equipos de segunda mano certificados<\/strong><\/h3><p data-start=\"803\" data-end=\"1034\">Todas nuestras m\u00e1quinas usadas (de segunda mano) se seleccionan cuidadosamente entre <strong data-start=\"865\" data-end=\"899\">fabricantes europeos de confianza<\/strong> y <strong data-start=\"904\" data-end=\"925\">socios verificados<\/strong>.<br data-start=\"926\" data-end=\"929\" \/>Antes de que cualquier unidad salga del almac\u00e9n, pasa por un <strong data-start=\"985\" data-end=\"1023\">verificaci\u00f3n t\u00e9cnica multipunto<\/strong> incluyendo:<\/p><ul data-start=\"1036\" data-end=\"1334\"><li data-start=\"1036\" data-end=\"1108\"><p data-start=\"1038\" data-end=\"1108\"><strong data-start=\"1038\" data-end=\"1068\">Comprobaci\u00f3n del estado mec\u00e1nico<\/strong> - estructura, motores y piezas m\u00f3viles<\/p><\/li><li data-start=\"1109\" data-end=\"1193\"><p data-start=\"1111\" data-end=\"1193\"><strong data-start=\"1111\" data-end=\"1153\">Pruebas de sistemas el\u00e9ctricos y de control<\/strong> - sensores, paneles y dispositivos de seguridad<\/p><\/li><li data-start=\"1194\" data-end=\"1266\"><p data-start=\"1196\" data-end=\"1266\"><strong data-start=\"1196\" data-end=\"1222\">Validaci\u00f3n del rendimiento<\/strong> - pruebas de caudal, presi\u00f3n y estanquidad<\/p><\/li><li data-start=\"1267\" data-end=\"1334\"><p data-start=\"1269\" data-end=\"1334\"><strong data-start=\"1269\" data-end=\"1290\">Revisi\u00f3n de la conformidad<\/strong> - Marcado CE, documentaci\u00f3n y manuales<\/p><\/li><\/ul><p data-start=\"1336\" data-end=\"1433\">S\u00f3lo los equipos que superan estas comprobaciones se etiquetan como <strong data-start=\"1390\" data-end=\"1411\">Certificado Equinox<\/strong> y listo para la exportaci\u00f3n.<\/p>\t\t\t\t\t\t\t\t<\/div>\n\t\t\t\t<\/div>\n\t\t\t\t\t<\/div>\n\t\t\t\t<\/div>\n\t\t\t\t<\/div>","protected":false},"excerpt":{"rendered":"<p>Our Commitment to Excellence At Equinox, quality is not an option, it\u2019s a standard.Every machine, tank, or production line we deliver undergoes a rigorous process of inspection, testing, and certification to ensure it performs exactly as expected once installed at your facility. We understand that in industrial production, reliability is everything. That\u2019s why our team [&hellip;]<\/p>","protected":false},"author":1,"featured_media":0,"parent":0,"menu_order":0,"comment_status":"closed","ping_status":"closed","template":"","meta":{"_seopress_robots_primary_cat":"","_seopress_titles_title":"","_seopress_titles_desc":"","_seopress_robots_index":"","footnotes":""},"class_list":["post-32","page","type-page","status-publish","hentry"],"_links":{"self":[{"href":"https:\/\/www.equinox-engn.com\/es\/wp-json\/wp\/v2\/pages\/32","targetHints":{"allow":["GET"]}}],"collection":[{"href":"https:\/\/www.equinox-engn.com\/es\/wp-json\/wp\/v2\/pages"}],"about":[{"href":"https:\/\/www.equinox-engn.com\/es\/wp-json\/wp\/v2\/types\/page"}],"author":[{"embeddable":true,"href":"https:\/\/www.equinox-engn.com\/es\/wp-json\/wp\/v2\/users\/1"}],"replies":[{"embeddable":true,"href":"https:\/\/www.equinox-engn.com\/es\/wp-json\/wp\/v2\/comments?post=32"}],"version-history":[{"count":10,"href":"https:\/\/www.equinox-engn.com\/es\/wp-json\/wp\/v2\/pages\/32\/revisions"}],"predecessor-version":[{"id":198,"href":"https:\/\/www.equinox-engn.com\/es\/wp-json\/wp\/v2\/pages\/32\/revisions\/198"}],"wp:attachment":[{"href":"https:\/\/www.equinox-engn.com\/es\/wp-json\/wp\/v2\/media?parent=32"}],"curies":[{"name":"wp","href":"https:\/\/api.w.org\/{rel}","templated":true}]}}