{"id":30,"date":"2025-10-05T11:04:58","date_gmt":"2025-10-05T11:04:58","guid":{"rendered":"https:\/\/www.equinox-engn.com\/?page_id=30"},"modified":"2025-10-24T17:58:19","modified_gmt":"2025-10-24T17:58:19","slug":"who-are-we","status":"publish","type":"page","link":"https:\/\/www.equinox-engn.com\/es\/who-are-we\/","title":{"rendered":"Qui\u00e9nes somos"},"content":{"rendered":"<div data-elementor-type=\"wp-page\" data-elementor-id=\"30\" class=\"elementor elementor-30\" data-elementor-post-type=\"page\">\n\t\t\t\t<div class=\"elementor-element elementor-element-619d128 e-flex e-con-boxed e-con e-parent\" data-id=\"619d128\" data-element_type=\"container\">\n\t\t\t\t\t<div class=\"e-con-inner\">\n\t\t\t\t<div class=\"elementor-element elementor-element-1304594 elementor-widget elementor-widget-text-editor\" data-id=\"1304594\" data-element_type=\"widget\" data-widget_type=\"text-editor.default\">\n\t\t\t\t\t\t\t\t\t<h3 data-start=\"301\" data-end=\"353\"><strong data-start=\"305\" data-end=\"353\">Un puente entre Europa y los mercados emergentes<\/strong><\/h3><p data-start=\"354\" data-end=\"692\">Equinox es una empresa italiana especializada en la <strong data-start=\"403\" data-end=\"472\">b\u00fasqueda, suministro y transporte de equipos industriales de segunda mano<\/strong> para las industrias alimentaria, de bebidas y qu\u00edmica.<br data-start=\"521\" data-end=\"524\" \/>Operamos como <strong data-start=\"540\" data-end=\"596\">puente estrat\u00e9gico entre Europa y los mercados emergentes<\/strong>, proporcionando a nuestros clientes acceso a maquinaria y soluciones de proceso asequibles y de alta calidad.<\/p><p data-start=\"694\" data-end=\"956\">Trabajamos directamente con fabricantes europeos y socios de confianza para garantizar que cada pieza del equipo, ya sea un monobloque de llenado, un dep\u00f3sito de acero inoxidable o una l\u00ednea de etiquetado, sea <strong data-start=\"871\" data-end=\"931\">totalmente funcional, certificado y listo para su uso inmediato<\/strong> en su l\u00ednea de producci\u00f3n.<\/p>\t\t\t\t\t\t\t\t<\/div>\n\t\t\t\t\t<\/div>\n\t\t\t\t<\/div>\n\t\t<div class=\"elementor-element elementor-element-1743675 e-flex e-con-boxed e-con e-parent\" data-id=\"1743675\" data-element_type=\"container\">\n\t\t\t\t\t<div class=\"e-con-inner\">\n\t\t<div class=\"elementor-element elementor-element-b428825 e-con-full e-flex e-con e-child\" data-id=\"b428825\" data-element_type=\"container\">\n\t\t\t\t<div class=\"elementor-element elementor-element-37ba90d elementor-widget elementor-widget-image\" data-id=\"37ba90d\" data-element_type=\"widget\" data-widget_type=\"image.default\">\n\t\t\t\t\t\t\t\t\t\t\t\t\t\t\t<img alt=\"\" fetchpriority=\"high\" decoding=\"async\" width=\"800\" height=\"724\" src=\"https:\/\/www.equinox-engn.com\/wp-content\/uploads\/2025\/10\/WhatsApp-Image-2025-10-22-at-10.06.44-e1761327683770-1024x927.jpeg\" class=\"attachment-large size-large wp-image-171\" srcset=\"https:\/\/www.equinox-engn.com\/wp-content\/uploads\/2025\/10\/WhatsApp-Image-2025-10-22-at-10.06.44-e1761327683770-1024x927.jpeg 1024w, https:\/\/www.equinox-engn.com\/wp-content\/uploads\/2025\/10\/WhatsApp-Image-2025-10-22-at-10.06.44-e1761327683770-300x271.jpeg 300w, https:\/\/www.equinox-engn.com\/wp-content\/uploads\/2025\/10\/WhatsApp-Image-2025-10-22-at-10.06.44-e1761327683770-768x695.jpeg 768w, https:\/\/www.equinox-engn.com\/wp-content\/uploads\/2025\/10\/WhatsApp-Image-2025-10-22-at-10.06.44-e1761327683770-13x12.jpeg 13w, https:\/\/www.equinox-engn.com\/wp-content\/uploads\/2025\/10\/WhatsApp-Image-2025-10-22-at-10.06.44-e1761327683770.jpeg 1536w\" sizes=\"(max-width: 800px) 100vw, 800px\" \/>\t\t\t\t\t\t\t\t\t\t\t\t\t\t\t<\/div>\n\t\t\t\t<\/div>\n\t\t<div class=\"elementor-element elementor-element-61814b8 e-con-full e-flex e-con e-child\" data-id=\"61814b8\" data-element_type=\"container\">\n\t\t\t\t<div class=\"elementor-element elementor-element-2249a8b elementor-widget elementor-widget-text-editor\" data-id=\"2249a8b\" data-element_type=\"widget\" data-widget_type=\"text-editor.default\">\n\t\t\t\t\t\t\t\t\t<h3 data-start=\"963\" data-end=\"982\"><strong data-start=\"967\" data-end=\"982\">Nuestra misi\u00f3n<\/strong><\/h3><p data-start=\"983\" data-end=\"1161\">Poner la tecnolog\u00eda europea al alcance de los productores de todo el mundo <strong data-start=\"1042\" data-end=\"1079\">\u00c1frica, Oriente Medio y Asia<\/strong>ayudar a las industrias locales a crecer mediante <strong data-start=\"1119\" data-end=\"1160\">equipos rentables y fiables<\/strong>.<\/p><p data-start=\"1163\" data-end=\"1444\">Creemos que todas las f\u00e1bricas, independientemente de su tama\u00f1o o ubicaci\u00f3n, merecen tener acceso a soluciones industriales modernas, eficientes y sostenibles.<br data-start=\"1305\" data-end=\"1308\" \/>Nuestra funci\u00f3n es <strong data-start=\"1323\" data-end=\"1347\">simplificar el proceso<\/strong>-desde el aprovisionamiento y la inspecci\u00f3n hasta el transporte y la puesta en marcha- para que usted pueda centrarse en su producci\u00f3n.<\/p>\t\t\t\t\t\t\t\t<\/div>\n\t\t\t\t<\/div>\n\t\t\t\t\t<\/div>\n\t\t\t\t<\/div>\n\t\t<div class=\"elementor-element elementor-element-f20966b e-flex e-con-boxed e-con e-parent\" data-id=\"f20966b\" data-element_type=\"container\">\n\t\t\t\t\t<div class=\"e-con-inner\">\n\t\t<div class=\"elementor-element elementor-element-73b10f1 e-con-full e-flex e-con e-child\" data-id=\"73b10f1\" data-element_type=\"container\">\n\t\t\t\t<div class=\"elementor-element elementor-element-25a88ab elementor-widget elementor-widget-text-editor\" data-id=\"25a88ab\" data-element_type=\"widget\" data-widget_type=\"text-editor.default\">\n\t\t\t\t\t\t\t\t\t<h3 data-start=\"1451\" data-end=\"1478\"><strong data-start=\"1455\" data-end=\"1478\">Nuestras actividades principales<\/strong><\/h3><ol data-start=\"1479\" data-end=\"2316\"><li data-start=\"1479\" data-end=\"1689\"><p data-start=\"1482\" data-end=\"1689\"><strong data-start=\"1482\" data-end=\"1521\">Equipos usados de embotellado y envasado<\/strong><br data-start=\"1521\" data-end=\"1524\" \/>Suministramos l\u00edneas completas de embotellado para alimentos l\u00edquidos: enjuagadoras, llenadoras, taponadoras, etiquetadoras y estuchadoras, de segunda mano pero totalmente operativas y certificadas.<\/p><\/li><li data-start=\"1691\" data-end=\"1916\"><p data-start=\"1694\" data-end=\"1916\"><strong data-start=\"1694\" data-end=\"1719\">Dep\u00f3sitos de acero inoxidable<\/strong><br data-start=\"1719\" data-end=\"1722\" \/>Desde el almacenamiento hasta la fermentaci\u00f3n, nuestra gama incluye dep\u00f3sitos de acero inoxidable de segunda mano para la <strong data-start=\"1816\" data-end=\"1856\">sectores alimentario, qu\u00edmico y de bebidas<\/strong>, con o sin aislamiento, sistemas de refrigeraci\u00f3n o agitadores.<\/p><\/li><li data-start=\"1918\" data-end=\"2133\"><p data-start=\"1921\" data-end=\"2133\"><strong data-start=\"1921\" data-end=\"1949\">Estudios de mercado europeos<\/strong><br data-start=\"1949\" data-end=\"1952\" \/>Identificamos maquinaria y tecnolog\u00edas en Europa que se ajusten a las necesidades de su proyecto y negociamos <strong data-start=\"2048\" data-end=\"2085\">mejores precios y entregas m\u00e1s r\u00e1pidas<\/strong> gracias a nuestra consolidada red de proveedores.<\/p><\/li><li data-start=\"2135\" data-end=\"2316\"><p data-start=\"2138\" data-end=\"2316\"><strong data-start=\"2138\" data-end=\"2176\">Servicios log\u00edsticos y de puesta en servicio<\/strong><br data-start=\"2176\" data-end=\"2179\" \/>Gestionamos <strong data-start=\"2192\" data-end=\"2237\">transporte, aduanas y asistencia t\u00e9cnica<\/strong> para garantizar que su equipo llegue seguro y funcione eficazmente en sus instalaciones.<\/p><\/li><\/ol>\t\t\t\t\t\t\t\t<\/div>\n\t\t\t\t<\/div>\n\t\t<div class=\"elementor-element elementor-element-08165cf e-con-full e-flex e-con e-child\" data-id=\"08165cf\" data-element_type=\"container\">\n\t\t\t\t<div class=\"elementor-element elementor-element-fd92599 elementor-widget elementor-widget-image\" data-id=\"fd92599\" data-element_type=\"widget\" data-widget_type=\"image.default\">\n\t\t\t\t\t\t\t\t\t\t\t\t\t\t\t<img alt=\"\" decoding=\"async\" width=\"800\" height=\"633\" src=\"https:\/\/www.equinox-engn.com\/wp-content\/uploads\/2025\/10\/c277a54e-faf4-4b8a-9f39-bad79edef918.jpg\" class=\"attachment-large size-large wp-image-144\" srcset=\"https:\/\/www.equinox-engn.com\/wp-content\/uploads\/2025\/10\/c277a54e-faf4-4b8a-9f39-bad79edef918.jpg 893w, https:\/\/www.equinox-engn.com\/wp-content\/uploads\/2025\/10\/c277a54e-faf4-4b8a-9f39-bad79edef918-300x238.jpg 300w, https:\/\/www.equinox-engn.com\/wp-content\/uploads\/2025\/10\/c277a54e-faf4-4b8a-9f39-bad79edef918-768x608.jpg 768w, https:\/\/www.equinox-engn.com\/wp-content\/uploads\/2025\/10\/c277a54e-faf4-4b8a-9f39-bad79edef918-15x12.jpg 15w\" sizes=\"(max-width: 800px) 100vw, 800px\" \/>\t\t\t\t\t\t\t\t\t\t\t\t\t\t\t<\/div>\n\t\t\t\t<\/div>\n\t\t\t\t\t<\/div>\n\t\t\t\t<\/div>\n\t\t<div class=\"elementor-element elementor-element-c626588 e-flex e-con-boxed e-con e-parent\" data-id=\"c626588\" data-element_type=\"container\">\n\t\t\t\t\t<div class=\"e-con-inner\">\n\t\t<div class=\"elementor-element elementor-element-242ccc2 e-con-full e-flex e-con e-child\" data-id=\"242ccc2\" data-element_type=\"container\">\n\t\t\t\t<div class=\"elementor-element elementor-element-2163ce8 elementor-widget elementor-widget-image\" data-id=\"2163ce8\" data-element_type=\"widget\" data-widget_type=\"image.default\">\n\t\t\t\t\t\t\t\t\t\t\t\t\t\t\t<img alt=\"\" decoding=\"async\" width=\"653\" height=\"950\" src=\"https:\/\/www.equinox-engn.com\/wp-content\/uploads\/2025\/10\/f74e483a-9a5e-427c-9b1e-6f1eb9cdc5b9.jpg\" class=\"attachment-large size-large wp-image-156\" srcset=\"https:\/\/www.equinox-engn.com\/wp-content\/uploads\/2025\/10\/f74e483a-9a5e-427c-9b1e-6f1eb9cdc5b9.jpg 653w, https:\/\/www.equinox-engn.com\/wp-content\/uploads\/2025\/10\/f74e483a-9a5e-427c-9b1e-6f1eb9cdc5b9-206x300.jpg 206w, https:\/\/www.equinox-engn.com\/wp-content\/uploads\/2025\/10\/f74e483a-9a5e-427c-9b1e-6f1eb9cdc5b9-8x12.jpg 8w\" sizes=\"(max-width: 653px) 100vw, 653px\" \/>\t\t\t\t\t\t\t\t\t\t\t\t\t\t\t<\/div>\n\t\t\t\t<\/div>\n\t\t<div class=\"elementor-element elementor-element-40e1434 e-con-full e-flex e-con e-child\" data-id=\"40e1434\" data-element_type=\"container\">\n\t\t\t\t<div class=\"elementor-element elementor-element-12b344e elementor-widget elementor-widget-text-editor\" data-id=\"12b344e\" data-element_type=\"widget\" data-widget_type=\"text-editor.default\">\n\t\t\t\t\t\t\t\t\t<h3 data-start=\"2323\" data-end=\"2346\"><strong data-start=\"2327\" data-end=\"2346\">Nuestro valor a\u00f1adido<\/strong><\/h3><ul data-start=\"2347\" data-end=\"2826\"><li data-start=\"2347\" data-end=\"2465\"><p data-start=\"2349\" data-end=\"2465\"><strong data-start=\"2349\" data-end=\"2387\">M\u00e1s de 30 a\u00f1os de experiencia industrial<\/strong><br data-start=\"2387\" data-end=\"2390\" \/>Un profundo conocimiento de los procesos de producci\u00f3n y del rendimiento de los equipos.<\/p><\/li><li data-start=\"2466\" data-end=\"2592\"><p data-start=\"2468\" data-end=\"2592\"><strong data-start=\"2468\" data-end=\"2496\">Red europea de confianza<\/strong><br data-start=\"2496\" data-end=\"2499\" \/>Asociaciones con los principales fabricantes y renovadores de Italia, Alemania y Francia.<\/p><\/li><li data-start=\"2593\" data-end=\"2716\"><p data-start=\"2595\" data-end=\"2716\"><strong data-start=\"2595\" data-end=\"2619\">Aprovisionamiento a medida<\/strong><br data-start=\"2619\" data-end=\"2622\" \/>Buscamos m\u00e1quinas que se adapten perfectamente a sus requisitos de capacidad, presupuesto y proceso.<\/p><\/li><li data-start=\"2717\" data-end=\"2826\"><p data-start=\"2719\" data-end=\"2826\"><strong data-start=\"2719\" data-end=\"2741\">Asistencia integral<\/strong><br data-start=\"2741\" data-end=\"2744\" \/>Desde la inspecci\u00f3n y las pruebas hasta el env\u00edo, la instalaci\u00f3n y la orientaci\u00f3n posventa.<\/p><\/li><\/ul>\t\t\t\t\t\t\t\t<\/div>\n\t\t\t\t<\/div>\n\t\t\t\t\t<\/div>\n\t\t\t\t<\/div>\n\t\t\t\t<\/div>","protected":false},"excerpt":{"rendered":"<p>A Bridge Between Europe and Emerging Markets Equinox is an Italian company specialized in the research, supply, and transport of pre-owned industrial equipment for the food, beverage, and chemical industries.We operate as a strategic bridge between Europe and emerging markets, providing our clients with access to high-quality, affordable machinery and process solutions. We work directly [&hellip;]<\/p>","protected":false},"author":1,"featured_media":0,"parent":0,"menu_order":0,"comment_status":"closed","ping_status":"closed","template":"","meta":{"_seopress_robots_primary_cat":"","_seopress_titles_title":"","_seopress_titles_desc":"","_seopress_robots_index":"","footnotes":""},"class_list":["post-30","page","type-page","status-publish","hentry"],"_links":{"self":[{"href":"https:\/\/www.equinox-engn.com\/es\/wp-json\/wp\/v2\/pages\/30","targetHints":{"allow":["GET"]}}],"collection":[{"href":"https:\/\/www.equinox-engn.com\/es\/wp-json\/wp\/v2\/pages"}],"about":[{"href":"https:\/\/www.equinox-engn.com\/es\/wp-json\/wp\/v2\/types\/page"}],"author":[{"embeddable":true,"href":"https:\/\/www.equinox-engn.com\/es\/wp-json\/wp\/v2\/users\/1"}],"replies":[{"embeddable":true,"href":"https:\/\/www.equinox-engn.com\/es\/wp-json\/wp\/v2\/comments?post=30"}],"version-history":[{"count":19,"href":"https:\/\/www.equinox-engn.com\/es\/wp-json\/wp\/v2\/pages\/30\/revisions"}],"predecessor-version":[{"id":184,"href":"https:\/\/www.equinox-engn.com\/es\/wp-json\/wp\/v2\/pages\/30\/revisions\/184"}],"wp:attachment":[{"href":"https:\/\/www.equinox-engn.com\/es\/wp-json\/wp\/v2\/media?parent=30"}],"curies":[{"name":"wp","href":"https:\/\/api.w.org\/{rel}","templated":true}]}}